


{"id":218,"date":"2021-05-27T07:36:29","date_gmt":"2021-05-27T07:36:29","guid":{"rendered":"http:\/\/dev.trustmedia.com.vn\/tmb_13247\/?page_id=218"},"modified":"2023-10-12T09:07:08","modified_gmt":"2023-10-12T09:07:08","slug":"gioi-thieu","status":"publish","type":"page","link":"http:\/\/dev.trustmedia.com.vn\/tmb_13247\/gioi-thieu\/","title":{"rendered":"Gi\u1edbi thi\u1ec7u"},"content":{"rendered":"\r\n<h2 class=\"wp-block-heading\">THI\u00caN \u00c2N FURNITURE H\u00c0 N\u1ed8I<\/h2>\r\n\r\n\r\n\r\n<p><span style=\"color: #ff0000;\">C\u00f4ng ty TNHH Thi\u00ean \u00c2n Furniture H\u00e0 N\u1ed9i<\/span> ho\u1ea1t \u0111\u1ed9ng trong l\u0129nh v\u1ef1c thi\u1ebft k\u1ebf, thi c\u00f4ng n\u1ed9i th\u1ea5t v\u00e0 x\u00e2y d\u1ef1ng c\u00f4ng tr\u00ecnh d\u00e2n d\u1ee5ng. L\u00e0 m\u1ed9t doanh nghi\u1ec7p v\u1edbi nh\u1eefng nh\u00e2n t\u1ed1 tr\u1ebb n\u00ean c\u00f4ng ty lu\u00f4n c\u00f3 c\u00e1i nh\u00ecn m\u1edbi, c\u00e1ch l\u00e0m vi\u1ec7c ph\u00f3ng kho\u00e1ng, l\u00e0 m\u1ed9t m\u00f4i tr\u01b0\u1eddng t\u1ed1t \u0111\u1ec3 ph\u00e1t tri\u1ec3n s\u1ef1 nghi\u1ec7p v\u1ec1 \u0111am m\u00ea thi\u1ebft k\u1ebf ho\u1eb7c thi c\u00f4ng hay s\u1ea3n xu\u1ea5t trong ng\u00e0nh ngh\u1ec1 n\u1ed9i th\u1ea5t, thi c\u00f4ng x\u00e2y d\u1ef1ng.<\/p>\r\n<p>Ho\u1ea1t \u0111\u1ed9ng ki\u1ebfn tr\u00fac, t\u01b0 v\u1ea5n k\u1ef9 thu\u1eadt v\u00e0 x\u00e2y d\u1ef1ng c\u00e1c c\u00f4ng tr\u00ecnh d\u00e2n d\u1ee5ng.<\/p>\r\n<p>T\u01b0 v\u1ea5n thi\u1ebft k\u1ebf, thi c\u00f4ng ho\u00e0n thi\u1ec7n n\u1ed9i th\u1ea5t.<\/p>\r\n\r\n\r\n\r\n<h2 class=\"wp-block-heading\">X\u01af\u1edeNG N\u1ed8I TH\u1ea4T<\/h2>\r\n\r\n\r\n\r\n<p>L\u00e0ng ngh\u1ec1 \u0111\u1ed3 g\u1ed7 \u0110an Ph\u01b0\u1ee3ng hay Th\u1ea1ch Th\u1ea5t, th\u00e0nh ph\u1ed1 H\u00e0 N\u1ed9i b\u1eaft \u0111\u1ea7u ph\u00e1t tri\u1ec3n m\u1ea1nh t\u1eeb h\u01a1n 20 n\u0103m tr\u01b0\u1edbc. Khi \u0111\u00f3 kho\u1ea3ng 90% ng\u01b0\u1eddi d\u00e2n \u0111\u00e3 kh\u00f4ng l\u00e0m n\u00f4ng nghi\u1ec7p n\u1eefa m\u00e0 chuy\u1ec3n h\u1eb3n sang s\u1ea3n xu\u1ea5t \u0111\u1ed3 g\u1ed7. Thi\u00ean \u00c2n t\u1ef1 h\u00e0o l\u00e0 1 trong nh\u1eefng x\u01b0\u1edfng g\u1ed7 l\u00e0ng ngh\u1ec1 c\u00f3 th\u00e2m ni\u00ean trong ng\u00e0nh.<\/p>\r\n<p>\u00a0\u00a0\u00a0\u00a0 C\u00f3 di\u1ec7n t\u00edch h\u01a1n \u2026 m2 v\u1edbi \u0111\u1ea7y \u0111\u1ee7 c\u00e1c lo\u1ea1i m\u00e1y m\u00f3c hi\u1ec7n \u0111\u1ea1i ph\u1ee5c v\u1ee5 cho c\u00f4ng vi\u1ec7c. Ch\u00fang t\u00f4i\u00a0<strong>chuy\u00ean s\u1ea3n xu\u1ea5t c\u00e1c lo\u1ea1i \u0111\u1ed3 g\u1ed7 c\u00f4ng nghi\u1ec7p, g\u1ed7 t\u1ef1 nhi\u00ean<\/strong>,\u2026 V\u1edbi ti\u00eau ch\u00ed\u00a0<em>\u201cT\u1ed1t g\u1ed7 h\u01a1n t\u1ed1t n\u01b0\u1edbc s\u01a1n\u201d<\/em> v\u00e0 \u0111\u1eb7t ch\u1eef \u201c<em>T\u00edn<\/em>\u201d l\u00ean h\u00e0ng \u0111\u1ea7u, N\u1ed9i th\u1ea5t Thi\u00ean \u00c2n cam k\u1ebft s\u1ebd mang \u0111\u1ebfn cho kh\u00e1ch h\u00e0ng nh\u1eefng s\u1ea3n ph\u1ea9m th\u1eadt s\u1ef1 \u0111\u1eb3ng c\u1ea5p v\u1edbi m\u1ee9c gi\u00e1 r\u1ebb t\u1eadn g\u1ed1c.<\/p>\r\n<p>M\u1ed9t s\u1ed1 h\u00ecnh \u1ea3nh x\u01b0\u1edfng s\u1ea3n xu\u1ea5t<\/p>\r\n<p><img loading=\"lazy\" decoding=\"async\" class=\"alignnone size-full wp-image-1574\" src=\"http:\/\/dev.trustmedia.com.vn\/tmb_13247\/wp-content\/uploads\/2023\/10\/z4751284884751_0f6f28af2b13a96fcaa9c65e666bd9b6.jpg\" alt=\"\" width=\"1280\" height=\"960\" \/><\/p>\r\n<p><img loading=\"lazy\" decoding=\"async\" class=\"alignnone size-full wp-image-1573\" src=\"http:\/\/dev.trustmedia.com.vn\/tmb_13247\/wp-content\/uploads\/2023\/10\/Untitled.png\" alt=\"\" width=\"1298\" height=\"841\" \/> \u00a0<img loading=\"lazy\" decoding=\"async\" class=\"alignnone size-full wp-image-1575\" src=\"http:\/\/dev.trustmedia.com.vn\/tmb_13247\/wp-content\/uploads\/2023\/10\/z4751284870248_12b544529b39cb3d1766c51b86c03557.jpg\" alt=\"\" width=\"1280\" height=\"720\" \/> <img loading=\"lazy\" decoding=\"async\" class=\"alignnone size-full wp-image-1576\" src=\"http:\/\/dev.trustmedia.com.vn\/tmb_13247\/wp-content\/uploads\/2023\/10\/z4751284907898_6c89e334eedccc058cdc8c3c009a5beb.jpg\" alt=\"\" width=\"1280\" height=\"960\" \/><\/p>\r\n<p>&nbsp;<\/p>\r\n\r\n\r\n\r\n<figure class=\"wp-block-image\"><img decoding=\"async\" src=\"https:\/\/aconcept-vn.com\/storage\/media\/h17klukH42ShbC8M8L2UL3c2xq3TOWy1JJzvsMsY.jpeg\" alt=\"\" \/><\/figure>\r\n\r\n\r\n\r\n<figure class=\"wp-block-image\"><img decoding=\"async\" src=\"https:\/\/aconcept-vn.com\/storage\/media\/N0jsGrMZ3MCcmoVw8sHhapAVluZ5FzJ7GUaEAaMX.jpeg\" alt=\"\" \/><\/figure>\r\n\r\n\r\n\r\n<figure class=\"wp-block-image\"><img decoding=\"async\" src=\"https:\/\/aconcept-vn.com\/storage\/media\/HowPh6uLsuajsWeHPjWfAXtR2MABpYHgaiSApVFl.jpeg\" alt=\"\" \/><\/figure>\r\n\r\n\r\n\r\n<p>&nbsp;<\/p>\r\n","protected":false},"excerpt":{"rendered":"<p>THI\u00caN \u00c2N FURNITURE H\u00c0 N\u1ed8I C\u00f4ng ty TNHH Thi\u00ean \u00c2n Furniture H\u00e0 N\u1ed9i ho\u1ea1t \u0111\u1ed9ng trong l\u0129nh v\u1ef1c thi\u1ebft k\u1ebf, thi c\u00f4ng n\u1ed9i th\u1ea5t v\u00e0 x\u00e2y d\u1ef1ng c\u00f4ng tr\u00ecnh d\u00e2n d\u1ee5ng. L\u00e0 m\u1ed9t doanh nghi\u1ec7p v\u1edbi nh\u1eefng nh\u00e2n t\u1ed1 tr\u1ebb n\u00ean c\u00f4ng ty lu\u00f4n c\u00f3 c\u00e1i nh\u00ecn m\u1edbi, c\u00e1ch l\u00e0m vi\u1ec7c ph\u00f3ng kho\u00e1ng, l\u00e0 m\u1ed9t [&hellip;]<\/p>\n","protected":false},"author":1,"featured_media":0,"parent":0,"menu_order":0,"comment_status":"closed","ping_status":"closed","template":"","meta":{"footnotes":""},"class_list":["post-218","page","type-page","status-publish","hentry"],"yoast_head":"<!-- This site is optimized with the Yoast SEO plugin v21.3 - https:\/\/yoast.com\/wordpress\/plugins\/seo\/ -->\n<title>Gi\u1edbi thi\u1ec7u - Thi\u00ean \u00c2n Furniture<\/title>\n<meta name=\"robots\" content=\"index, follow, max-snippet:-1, max-image-preview:large, max-video-preview:-1\" \/>\n<link rel=\"canonical\" href=\"http:\/\/dev.trustmedia.com.vn\/tmb_13247\/gioi-thieu\/\" \/>\n<meta property=\"og:locale\" content=\"vi_VN\" \/>\n<meta property=\"og:type\" content=\"article\" \/>\n<meta property=\"og:title\" content=\"Gi\u1edbi thi\u1ec7u - Thi\u00ean \u00c2n Furniture\" \/>\n<meta property=\"og:description\" content=\"THI\u00caN \u00c2N FURNITURE H\u00c0 N\u1ed8I C\u00f4ng ty TNHH Thi\u00ean \u00c2n Furniture H\u00e0 N\u1ed9i ho\u1ea1t \u0111\u1ed9ng trong l\u0129nh v\u1ef1c thi\u1ebft k\u1ebf, thi c\u00f4ng n\u1ed9i th\u1ea5t v\u00e0 x\u00e2y d\u1ef1ng c\u00f4ng tr\u00ecnh d\u00e2n d\u1ee5ng. L\u00e0 m\u1ed9t doanh nghi\u1ec7p v\u1edbi nh\u1eefng nh\u00e2n t\u1ed1 tr\u1ebb n\u00ean c\u00f4ng ty lu\u00f4n c\u00f3 c\u00e1i nh\u00ecn m\u1edbi, c\u00e1ch l\u00e0m vi\u1ec7c ph\u00f3ng kho\u00e1ng, l\u00e0 m\u1ed9t [&hellip;]\" \/>\n<meta property=\"og:url\" content=\"http:\/\/dev.trustmedia.com.vn\/tmb_13247\/gioi-thieu\/\" \/>\n<meta property=\"og:site_name\" content=\"Thi\u00ean \u00c2n Furniture\" \/>\n<meta property=\"article:modified_time\" content=\"2023-10-12T09:07:08+00:00\" \/>\n<meta property=\"og:image\" content=\"http:\/\/dev.trustmedia.com.vn\/tmb_13247\/wp-content\/uploads\/2021\/05\/bannerthicong-1-1024x402.png\" \/>\n\t<meta property=\"og:image:width\" content=\"1024\" \/>\n\t<meta property=\"og:image:height\" content=\"402\" \/>\n\t<meta property=\"og:image:type\" content=\"image\/png\" \/>\n<meta name=\"twitter:card\" content=\"summary_large_image\" \/>\n<meta name=\"twitter:label1\" content=\"\u01af\u1edbc t\u00ednh th\u1eddi gian \u0111\u1ecdc\" \/>\n\t<meta name=\"twitter:data1\" content=\"3 ph\u00fat\" \/>\n<script type=\"application\/ld+json\" class=\"yoast-schema-graph\">{\"@context\":\"https:\/\/schema.org\",\"@graph\":[{\"@type\":\"WebPage\",\"@id\":\"http:\/\/dev.trustmedia.com.vn\/tmb_13247\/gioi-thieu\/\",\"url\":\"http:\/\/dev.trustmedia.com.vn\/tmb_13247\/gioi-thieu\/\",\"name\":\"Gi\u1edbi thi\u1ec7u - Thi\u00ean \u00c2n Furniture\",\"isPartOf\":{\"@id\":\"http:\/\/dev.trustmedia.com.vn\/tmb_13247\/#website\"},\"datePublished\":\"2021-05-27T07:36:29+00:00\",\"dateModified\":\"2023-10-12T09:07:08+00:00\",\"breadcrumb\":{\"@id\":\"http:\/\/dev.trustmedia.com.vn\/tmb_13247\/gioi-thieu\/#breadcrumb\"},\"inLanguage\":\"vi\",\"potentialAction\":[{\"@type\":\"ReadAction\",\"target\":[\"http:\/\/dev.trustmedia.com.vn\/tmb_13247\/gioi-thieu\/\"]}]},{\"@type\":\"BreadcrumbList\",\"@id\":\"http:\/\/dev.trustmedia.com.vn\/tmb_13247\/gioi-thieu\/#breadcrumb\",\"itemListElement\":[{\"@type\":\"ListItem\",\"position\":1,\"name\":\"Trang ch\u1ee7\",\"item\":\"http:\/\/dev.trustmedia.com.vn\/tmb_13247\/\"},{\"@type\":\"ListItem\",\"position\":2,\"name\":\"Gi\u1edbi thi\u1ec7u\"}]},{\"@type\":\"WebSite\",\"@id\":\"http:\/\/dev.trustmedia.com.vn\/tmb_13247\/#website\",\"url\":\"http:\/\/dev.trustmedia.com.vn\/tmb_13247\/\",\"name\":\"Thi\u00ean \u00c2n Furniture\",\"description\":\"\",\"potentialAction\":[{\"@type\":\"SearchAction\",\"target\":{\"@type\":\"EntryPoint\",\"urlTemplate\":\"http:\/\/dev.trustmedia.com.vn\/tmb_13247\/?s={search_term_string}\"},\"query-input\":\"required name=search_term_string\"}],\"inLanguage\":\"vi\"}]}<\/script>\n<!-- \/ Yoast SEO plugin. -->","yoast_head_json":{"title":"Gi\u1edbi thi\u1ec7u - Thi\u00ean \u00c2n Furniture","robots":{"index":"index","follow":"follow","max-snippet":"max-snippet:-1","max-image-preview":"max-image-preview:large","max-video-preview":"max-video-preview:-1"},"canonical":"http:\/\/dev.trustmedia.com.vn\/tmb_13247\/gioi-thieu\/","og_locale":"vi_VN","og_type":"article","og_title":"Gi\u1edbi thi\u1ec7u - Thi\u00ean \u00c2n Furniture","og_description":"THI\u00caN \u00c2N FURNITURE H\u00c0 N\u1ed8I C\u00f4ng ty TNHH Thi\u00ean \u00c2n Furniture H\u00e0 N\u1ed9i ho\u1ea1t \u0111\u1ed9ng trong l\u0129nh v\u1ef1c thi\u1ebft k\u1ebf, thi c\u00f4ng n\u1ed9i th\u1ea5t v\u00e0 x\u00e2y d\u1ef1ng c\u00f4ng tr\u00ecnh d\u00e2n d\u1ee5ng. L\u00e0 m\u1ed9t doanh nghi\u1ec7p v\u1edbi nh\u1eefng nh\u00e2n t\u1ed1 tr\u1ebb n\u00ean c\u00f4ng ty lu\u00f4n c\u00f3 c\u00e1i nh\u00ecn m\u1edbi, c\u00e1ch l\u00e0m vi\u1ec7c ph\u00f3ng kho\u00e1ng, l\u00e0 m\u1ed9t [&hellip;]","og_url":"http:\/\/dev.trustmedia.com.vn\/tmb_13247\/gioi-thieu\/","og_site_name":"Thi\u00ean \u00c2n Furniture","article_modified_time":"2023-10-12T09:07:08+00:00","og_image":[{"width":1024,"height":402,"url":"http:\/\/dev.trustmedia.com.vn\/tmb_13247\/wp-content\/uploads\/2021\/05\/bannerthicong-1-1024x402.png","type":"image\/png"}],"twitter_card":"summary_large_image","twitter_misc":{"\u01af\u1edbc t\u00ednh th\u1eddi gian \u0111\u1ecdc":"3 ph\u00fat"},"schema":{"@context":"https:\/\/schema.org","@graph":[{"@type":"WebPage","@id":"http:\/\/dev.trustmedia.com.vn\/tmb_13247\/gioi-thieu\/","url":"http:\/\/dev.trustmedia.com.vn\/tmb_13247\/gioi-thieu\/","name":"Gi\u1edbi thi\u1ec7u - Thi\u00ean \u00c2n Furniture","isPartOf":{"@id":"http:\/\/dev.trustmedia.com.vn\/tmb_13247\/#website"},"datePublished":"2021-05-27T07:36:29+00:00","dateModified":"2023-10-12T09:07:08+00:00","breadcrumb":{"@id":"http:\/\/dev.trustmedia.com.vn\/tmb_13247\/gioi-thieu\/#breadcrumb"},"inLanguage":"vi","potentialAction":[{"@type":"ReadAction","target":["http:\/\/dev.trustmedia.com.vn\/tmb_13247\/gioi-thieu\/"]}]},{"@type":"BreadcrumbList","@id":"http:\/\/dev.trustmedia.com.vn\/tmb_13247\/gioi-thieu\/#breadcrumb","itemListElement":[{"@type":"ListItem","position":1,"name":"Trang ch\u1ee7","item":"http:\/\/dev.trustmedia.com.vn\/tmb_13247\/"},{"@type":"ListItem","position":2,"name":"Gi\u1edbi thi\u1ec7u"}]},{"@type":"WebSite","@id":"http:\/\/dev.trustmedia.com.vn\/tmb_13247\/#website","url":"http:\/\/dev.trustmedia.com.vn\/tmb_13247\/","name":"Thi\u00ean \u00c2n Furniture","description":"","potentialAction":[{"@type":"SearchAction","target":{"@type":"EntryPoint","urlTemplate":"http:\/\/dev.trustmedia.com.vn\/tmb_13247\/?s={search_term_string}"},"query-input":"required name=search_term_string"}],"inLanguage":"vi"}]}},"_links":{"self":[{"href":"http:\/\/dev.trustmedia.com.vn\/tmb_13247\/wp-json\/wp\/v2\/pages\/218","targetHints":{"allow":["GET"]}}],"collection":[{"href":"http:\/\/dev.trustmedia.com.vn\/tmb_13247\/wp-json\/wp\/v2\/pages"}],"about":[{"href":"http:\/\/dev.trustmedia.com.vn\/tmb_13247\/wp-json\/wp\/v2\/types\/page"}],"author":[{"embeddable":true,"href":"http:\/\/dev.trustmedia.com.vn\/tmb_13247\/wp-json\/wp\/v2\/users\/1"}],"replies":[{"embeddable":true,"href":"http:\/\/dev.trustmedia.com.vn\/tmb_13247\/wp-json\/wp\/v2\/comments?post=218"}],"version-history":[{"count":10,"href":"http:\/\/dev.trustmedia.com.vn\/tmb_13247\/wp-json\/wp\/v2\/pages\/218\/revisions"}],"predecessor-version":[{"id":1586,"href":"http:\/\/dev.trustmedia.com.vn\/tmb_13247\/wp-json\/wp\/v2\/pages\/218\/revisions\/1586"}],"wp:attachment":[{"href":"http:\/\/dev.trustmedia.com.vn\/tmb_13247\/wp-json\/wp\/v2\/media?parent=218"}],"curies":[{"name":"wp","href":"https:\/\/api.w.org\/{rel}","templated":true}]}}